{"id":482,"date":"2019-01-29T01:27:11","date_gmt":"2019-01-29T01:27:11","guid":{"rendered":"http:\/\/demo.cmssuperheroes.com\/themeforest\/coreconsult\/?page_id=482"},"modified":"2025-12-06T11:30:39","modified_gmt":"2025-12-06T08:30:39","slug":"%d0%ba%d0%be%d0%bd%d1%82%d0%b0%d0%ba%d1%82%d1%8b","status":"publish","type":"page","link":"https:\/\/turkuazisitme.com\/ru\/%d0%ba%d0%be%d0%bd%d1%82%d0%b0%d0%ba%d1%82%d1%8b\/","title":{"rendered":"\u041a\u043e\u043d\u0442\u0430\u043a\u0442\u044b"},"content":{"rendered":"<section class=\"wpb-content-wrapper\"><p>[vc_row full_width=&#8221;stretch_row&#8221; bg_image_position=&#8221;bg-image-ps-center&#8221; css=&#8221;.vc_custom_1668089535333{background-image: url(https:\/\/turkuazisitme.com\/ru\/wp-content\/uploads\/2022\/11\/arkaplan-1.png?id=2375) !important;background-position: center !important;background-repeat: no-repeat !important;background-size: cover !important;}&#8221;][vc_column css=&#8221;.vc_custom_1552893598363{padding-top: 167px !important;padding-bottom: 157px !important;}&#8221;][cms_heading text=&#8221;\u041a\u043e\u043d\u0442\u0430\u043a\u0442\u044b&#8221; tag=&#8221;h2&#8243; align_lg=&#8221;align-center&#8221; align_md=&#8221;align-center-md&#8221; align_sm=&#8221;align-center-sm&#8221; align_xs=&#8221;align-center-xs&#8221; font_weight=&#8221;500&#8243; text_color=&#8221;#ffffff&#8221; margin_bottom=&#8221;0&#8243; margin_top=&#8221;13&#8243;][\/vc_column][\/vc_row][vc_row full_width=&#8221;stretch_row_content_no_spaces&#8221;][vc_column css=&#8221;.vc_custom_1552878191833{padding-top: 0px !important;}&#8221;][cms_space space_lg=&#8221;0&#8243; space_md=&#8221;0&#8243; space_sm=&#8221;0&#8243; space_xs=&#8221;65&#8243;][vc_tta_tabs active_section=&#8221;1&#8243; style=&#8221;modern&#8221; title_before=&#8221;\u015eube \u0130leti\u015fim&#8221; tab_sticky=&#8221;sticky-tab&#8221;][vc_tta_section title=&#8221;\u0424\u0438\u043b\u0438\u0430\u043b \u0432 \u041a\u044f\u0433\u044b\u0442\u0430\u0445\u0430\u043d\u0435&#8221; tab_id=&#8221;1552872956217-f61fd2fa-8111&#8243;][vc_row_inner][vc_column_inner width=&#8221;1\/3&#8243; css=&#8221;.vc_custom_1552881535893{margin-top: -5px !important;padding-top: 0px !important;padding-bottom: 66px !important;}&#8221;][cms_heading text=&#8221;\u0424\u0438\u043b\u0438\u0430\u043b \u0432 \u041a\u044f\u0433\u044b\u0442\u0430\u0445\u0430\u043d\u0435&#8221; font_size_sm=&#8221;36&#8243; font_size_xs=&#8221;32&#8243; font_weight=&#8221;300&#8243; sub_title=&#8221;\u0130STANBUL&#8221; margin_top=&#8221;13&#8243; margin_bottom=&#8221;23&#8243;][cms_contact_info contact=&#8221;%5B%7B%22info_content%22%3A%22%D0%90%D0%B4%D1%80%D0%B5%D1%81%3A%20G%C3%BCrsel%20Mah.%20Dar%C3%BClaceze%20Cad.%20No%3A38%20K%3A1%20D%3A1%20Okmeydan%C4%B1%20%2F%20Ka%C4%9F%C4%B1thane%3Cbr%3E%5CnOkmeydan%C4%B1%20E%C4%9Fitim%20ve%20Ara%C5%9Ft%C4%B1rma%20Hastane%3Cbr%3E%C4%B0ETT%20Dura%C4%9F%C4%B1%20Kar%C5%9F%C4%B1s%C4%B1%5Cn%3Cbr%3E%5Cn%22%2C%22info_link_type%22%3A%22normal%22%2C%22icon_type%22%3A%22icon%22%2C%22icon_list%22%3A%22fontawesome5%22%2C%22icon_fontawesome5%22%3A%22fac%20fac-map-marker%22%7D%2C%7B%22info_content%22%3A%22%D0%A2%D0%B5%D0%BB%D0%B5%D1%84%D0%BE%D0%BD%3A%200212%20220%2018%2038%3Cbr%3E%5Cn%D0%A2%D0%B5%D0%BB%D0%B5%D1%84%D0%BE%D0%BD%3A%200506%20031%2047%2004%22%2C%22info_link_type%22%3A%22normal%22%2C%22icon_type%22%3A%22icon%22%2C%22icon_list%22%3A%22fontawesome5%22%2C%22icon_fontawesome5%22%3A%22fac%20fac-mobile%22%7D%2C%7B%22info_content%22%3A%22info%40turkuazisitme.com%22%2C%22info_link_type%22%3A%22mail%22%2C%22info_link%22%3A%22url%3Ahttp%253A%252F%252Fmail.turkuazisitme.com%22%2C%22icon_type%22%3A%22icon%22%2C%22icon_list%22%3A%22fontawesome5%22%2C%22icon_fontawesome5%22%3A%22fac%20fac-envelope%22%7D%5D&#8221;][\/vc_column_inner][vc_column_inner width=&#8221;1\/3&#8243; css=&#8221;.vc_custom_1552881539931{padding-top: 0px !important;padding-bottom: 66px !important;}&#8221;][cms_single_image image=&#8221;2963&#8243; image_style=&#8221;img-radius-border&#8221;][\/vc_column_inner][vc_column_inner width=&#8221;1\/3&#8243; css=&#8221;.vc_custom_1552892822206{padding-top: 0px !important;}&#8221;][vc_column_text]<iframe loading=\"lazy\" style=\"border: 0;\" src=\"https:\/\/www.google.com\/maps\/embed?pb=!1m18!1m12!1m3!1d3008.17877462567!2d28.9717945!3d41.0650847!2m3!1f0!2f0!3f0!3m2!1i1024!2i768!4f13.1!3m3!1m2!1s0x14cab7af8ef43325%3A0x7e5b62314d4606c0!2zVHVya3VheiDEsMWfaXRtZSAtIEthxJ_EsXRoYW5l!5e0!3m2!1str!2str!4v1722954908957!5m2!1str!2str\" width=\"600\" height=\"450\" allowfullscreen=\"allowfullscreen\"><\/iframe>[\/vc_column_text][\/vc_column_inner][\/vc_row_inner][\/vc_tta_section][vc_tta_section title=&#8221;\u0424\u0438\u043b\u0438\u0430\u043b \u0432 \u0421\u0430\u0440\u044b\u0435\u0440\u0435&#8221; tab_id=&#8221;1552881811696-0ca399bf-b05a&#8221;][vc_row_inner][vc_column_inner width=&#8221;1\/3&#8243; css=&#8221;.vc_custom_1552881535893{margin-top: -5px !important;padding-top: 0px !important;padding-bottom: 66px !important;}&#8221;][cms_heading text=&#8221;\u0424\u0438\u043b\u0438\u0430\u043b \u0432 \u0421\u0430\u0440\u044b\u0435\u0440\u0435&#8221; font_size_sm=&#8221;36&#8243; font_size_xs=&#8221;32&#8243; font_weight=&#8221;300&#8243; sub_title=&#8221;\u0130STANBUL&#8221; margin_top=&#8221;13&#8243; margin_bottom=&#8221;23&#8243;][cms_contact_info contact=&#8221;%5B%7B%22info_content%22%3A%22%D0%90%D0%B4%D1%80%D0%B5%D1%81%3A%20Sar%C4%B1yer%20Merkez%20Mah.%20%C5%9Eehit%20Mithat%20Y%C4%B1lmaz%20Cad.%20No%3A15%20K%3A1%20Sar%C4%B1yer%5CnSar%C4%B1yer%20B%C3%B6rek%C3%A7isi%20%C3%9Cst%C3%BC%5Cn%5Cn%22%2C%22info_link_type%22%3A%22normal%22%2C%22icon_type%22%3A%22icon%22%2C%22icon_list%22%3A%22fontawesome5%22%2C%22icon_fontawesome5%22%3A%22fac%20fac-map-marker%22%7D%2C%7B%22info_content%22%3A%22%D0%A2%D0%B5%D0%BB%D0%B5%D1%84%D0%BE%D0%BD%3A%200212%20242%2051%2034%3Cbr%3E%5Cn%D0%A2%D0%B5%D0%BB%D0%B5%D1%84%D0%BE%D0%BD%3A%200506%20031%2049%2004%22%2C%22info_link_type%22%3A%22normal%22%2C%22icon_type%22%3A%22icon%22%2C%22icon_list%22%3A%22fontawesome5%22%2C%22icon_fontawesome5%22%3A%22fac%20fac-mobile%22%7D%2C%7B%22info_content%22%3A%22info%40turkuazisitme.com%22%2C%22info_link_type%22%3A%22mail%22%2C%22info_link%22%3A%22url%3Amail%253Ainfo%2540turkuazisitme.com%22%2C%22icon_type%22%3A%22icon%22%2C%22icon_list%22%3A%22fontawesome5%22%2C%22icon_fontawesome5%22%3A%22fac%20fac-envelope%22%7D%5D&#8221;][\/vc_column_inner][vc_column_inner width=&#8221;1\/3&#8243; css=&#8221;.vc_custom_1552881539931{padding-top: 0px !important;padding-bottom: 66px !important;}&#8221;][cms_single_image image=&#8221;2963&#8243; image_style=&#8221;img-radius-border&#8221;][\/vc_column_inner][vc_column_inner width=&#8221;1\/3&#8243; css=&#8221;.vc_custom_1552892832612{padding-top: 0px !important;}&#8221;][vc_column_text]<iframe loading=\"lazy\" style=\"border: 0;\" src=\"https:\/\/www.google.com\/maps\/embed?pb=!1m18!1m12!1m3!1d3003.45711601882!2d29.056213999999997!3d41.16819599999999!2m3!1f0!2f0!3f0!3m2!1i1024!2i768!4f13.1!3m3!1m2!1s0x409fdf233db79423%3A0x1f28f9abc75ed9a0!2zVHVya3VheiDEsMWfaXRtZSAtIFNhcsSxeWVy!5e0!3m2!1str!2str!4v1723029969340!5m2!1str!2str\" width=\"600\" height=\"450\" allowfullscreen=\"allowfullscreen\"><\/iframe>[\/vc_column_text][\/vc_column_inner][\/vc_row_inner][\/vc_tta_section][\/vc_tta_tabs][\/vc_column][\/vc_row][vc_row][vc_column][cms_heading text=&#8221;\u041c\u044b \u0437\u0434\u0435\u0441\u044c \u0434\u043b\u044f \u0432\u0430\u0441&#8221; align_lg=&#8221;align-center&#8221; align_md=&#8221;align-center-md&#8221; align_sm=&#8221;align-center-sm&#8221; align_xs=&#8221;align-center-xs&#8221; font_size=&#8221;68&#8243; font_size_md=&#8221;58&#8243; font_size_sm=&#8221;46&#8243; font_size_xs=&#8221;36&#8243; line_height=&#8221;68&#8243; line_height_md=&#8221;58&#8243; line_height_sm=&#8221;48&#8243; line_height_xs=&#8221;38&#8243; font_weight=&#8221;400&#8243; text_color=&#8221;#020202&#8243; sub_title=&#8221;\u041d\u0430\u0448\u0430 \u043a\u043e\u043c\u0430\u043d\u0434\u0430 \u0441\u043f\u0435\u0446\u0438\u0430\u043b\u0438\u0441\u0442\u043e\u0432 \u0432 \u0441\u0432\u043e\u0435\u0439 \u043e\u0431\u043b\u0430\u0441\u0442\u0438&#8221; description=&#8221;\u0412\u0441\u0451, \u0447\u0442\u043e \u0432\u0430\u043c \u043d\u0443\u0436\u043d\u043e \u0441\u0434\u0435\u043b\u0430\u0442\u044c \u2014 \u0437\u0430\u043f\u043e\u043b\u043d\u0438\u0442\u044c \u0444\u043e\u0440\u043c\u0443 \u043d\u0438\u0436\u0435&#8221; description_font_weight=&#8221;300&#8243; margin_top=&#8221;11&#8243; margin_bottom=&#8221;19&#8243;][vc_empty_space height=&#8221;34&#8243;][cms_contact_form styles=&#8221;style4&#8243; id=&#8221;1601&#8243;][vc_empty_space height=&#8221;34&#8243;][\/vc_column][\/vc_row]<\/p>\n<\/section>","protected":false},"excerpt":{"rendered":"<p>[vc_row full_width=&#8221;stretch_row&#8221; bg_image_position=&#8221;bg-image-ps-center&#8221; css=&#8221;.vc_custom_1668089535333{background-image: url(https:\/\/turkuazisitme.com\/ru\/wp-content\/uploads\/2022\/11\/arkaplan-1.png?id=2375) !important;background-position: center !important;background-repeat: no-repeat !important;background-size: cover !important;}&#8221;][vc_column css=&#8221;.vc_custom_1552893598363{padding-top: 167px !important;padding-bottom: 157px !important;}&#8221;][cms_heading text=&#8221;\u041a\u043e\u043d\u0442\u0430\u043a\u0442\u044b&#8221; tag=&#8221;h2&#8243; align_lg=&#8221;align-center&#8221; align_md=&#8221;align-center-md&#8221; align_sm=&#8221;align-center-sm&#8221; align_xs=&#8221;align-center-xs&#8221; font_weight=&#8221;500&#8243; text_color=&#8221;#ffffff&#8221; margin_bottom=&#8221;0&#8243; margin_top=&#8221;13&#8243;][\/vc_column][\/vc_row][vc_row full_width=&#8221;stretch_row_content_no_spaces&#8221;][vc_column css=&#8221;.vc_custom_1552878191833{padding-top: 0px !important;}&#8221;][cms_space space_lg=&#8221;0&#8243; space_md=&#8221;0&#8243; space_sm=&#8221;0&#8243; space_xs=&#8221;65&#8243;][vc_tta_tabs active_section=&#8221;1&#8243; style=&#8221;modern&#8221; title_before=&#8221;\u015eube \u0130leti\u015fim&#8221; tab_sticky=&#8221;sticky-tab&#8221;][vc_tta_section title=&#8221;\u0424\u0438\u043b\u0438\u0430\u043b \u0432 \u041a\u044f\u0433\u044b\u0442\u0430\u0445\u0430\u043d\u0435&#8221; tab_id=&#8221;1552872956217-f61fd2fa-8111&#8243;][vc_row_inner][vc_column_inner width=&#8221;1\/3&#8243; css=&#8221;.vc_custom_1552881535893{margin-top: -5px !important;padding-top: 0px !important;padding-bottom: 66px !important;}&#8221;][cms_heading text=&#8221;\u0424\u0438\u043b\u0438\u0430\u043b \u0432 \u041a\u044f\u0433\u044b\u0442\u0430\u0445\u0430\u043d\u0435&#8221; [&hellip;]<\/p>\n","protected":false},"author":1,"featured_media":0,"parent":0,"menu_order":0,"comment_status":"closed","ping_status":"closed","template":"","meta":{"footnotes":""},"class_list":["post-482","page","type-page","status-publish","hentry"],"aioseo_notices":[],"_links":{"self":[{"href":"https:\/\/turkuazisitme.com\/ru\/wp-json\/wp\/v2\/pages\/482","targetHints":{"allow":["GET"]}}],"collection":[{"href":"https:\/\/turkuazisitme.com\/ru\/wp-json\/wp\/v2\/pages"}],"about":[{"href":"https:\/\/turkuazisitme.com\/ru\/wp-json\/wp\/v2\/types\/page"}],"author":[{"embeddable":true,"href":"https:\/\/turkuazisitme.com\/ru\/wp-json\/wp\/v2\/users\/1"}],"replies":[{"embeddable":true,"href":"https:\/\/turkuazisitme.com\/ru\/wp-json\/wp\/v2\/comments?post=482"}],"version-history":[{"count":58,"href":"https:\/\/turkuazisitme.com\/ru\/wp-json\/wp\/v2\/pages\/482\/revisions"}],"predecessor-version":[{"id":3078,"href":"https:\/\/turkuazisitme.com\/ru\/wp-json\/wp\/v2\/pages\/482\/revisions\/3078"}],"wp:attachment":[{"href":"https:\/\/turkuazisitme.com\/ru\/wp-json\/wp\/v2\/media?parent=482"}],"curies":[{"name":"wp","href":"https:\/\/api.w.org\/{rel}","templated":true}]}}