{"id":2194,"date":"2022-11-10T10:02:05","date_gmt":"2022-11-10T07:02:05","guid":{"rendered":"https:\/\/turkuazisitme.com\/ru\/?page_id=2194"},"modified":"2024-08-08T17:04:57","modified_gmt":"2024-08-08T14:04:57","slug":"blog","status":"publish","type":"page","link":"https:\/\/turkuazisitme.com\/ru\/blog\/","title":{"rendered":"Turkuaz \u0130\u015fitme Blog"},"content":{"rendered":"<section class=\"wpb-content-wrapper\"><p>[vc_row][vc_column css=&#8221;.vc_custom_1548303225883{padding-top: 27px !important;padding-bottom: 68px !important;}&#8221;][cms_blog_grid layout=&#8221;masonry&#8221; filter=&#8221;false&#8221; col_xs=&#8221;1&#8243; col_sm=&#8221;2&#8243; col_md=&#8221;2&#8243; col_lg=&#8221;3&#8243; col_xl=&#8221;3&#8243;][\/vc_column][\/vc_row][vc_row full_width=&#8221;stretch_row&#8221; parallax=&#8221;content-moving&#8221; parallax_image=&#8221;153&#8243; parallax_speed_bg=&#8221;1.4&#8243; css=&#8221;.vc_custom_1548038016254{padding-top: 64px !important;}&#8221;][vc_column width=&#8221;7\/12&#8243; css=&#8221;.vc_custom_1547610067316{padding-top: 0px !important;}&#8221;][cms_heading text=&#8221;Hemen Bizimle \u0130leti\u015fime Ge\u00e7in&#8221; align_xs=&#8221;align-center-xs&#8221; font_size=&#8221;68&#8243; font_size_md=&#8221;48&#8243; font_size_sm=&#8221;42&#8243; font_size_xs=&#8221;32&#8243; line_height=&#8221;68&#8243; line_height_md=&#8221;48&#8243; line_height_sm=&#8221;48&#8243; line_height_xs=&#8221;36&#8243; font_weight=&#8221;400&#8243; text_color=&#8221;#ffffff&#8221; sub_title=&#8221;\u0130\u015fitme cihaz\u0131n\u0131za kavu\u015fabilmek i\u00e7in&#8221; description=&#8221;Daha iyi i\u015fitmeniz i\u00e7in buraday\u0131z<br \/>\n&#8221; description_font_size=&#8221;25&#8243; description_line_height=&#8221;36&#8243; description_color=&#8221;#ffffff&#8221; divider=&#8221;&#8221; divider_position=&#8221;&#8221; margin_bottom=&#8221;31&#8243; margin_top=&#8221;8&#8243;][cms_space space_lg=&#8221;85&#8243; space_md=&#8221;85&#8243; space_sm=&#8221;55&#8243; space_xs=&#8221;45&#8243;][cms_button button_text=&#8221;\u0130LET\u0130\u015e\u0130M&#8221; button_link=&#8221;url:https%3A%2F%2Fturkuazisitme.com\/ru%2Filetisim%2F|title:%C4%B0leti%C5%9Fim&#8221; button_style=&#8221;btn-modern&#8221; align_xs=&#8221;align-center-xs&#8221; icon_list=&#8221;pe7stroke&#8221; icon_pe7stroke=&#8221;pe-7s-angle-right-circle&#8221;][cms_space space_lg=&#8221;0&#8243; space_md=&#8221;66&#8243; space_sm=&#8221;32&#8243; space_xs=&#8221;66&#8243;][\/vc_column][vc_column width=&#8221;5\/12&#8243; css=&#8221;.vc_custom_1547610077722{padding-top: 0px !important;padding-bottom: 0px !important;}&#8221;][vc_single_image image=&#8221;154&#8243; img_size=&#8221;full&#8221; alignment=&#8221;right&#8221; css_animation=&#8221;fadeInRight&#8221; cms_image_align=&#8221;image_align_xs_center&#8221; css=&#8221;.vc_custom_1548303389841{margin-top: -7px !important;margin-bottom: 0px !important;}&#8221;][\/vc_column][\/vc_row]<\/p>\n<\/section>","protected":false},"excerpt":{"rendered":"<p>[vc_row][vc_column css=&#8221;.vc_custom_1548303225883{padding-top: 27px !important;padding-bottom: 68px !important;}&#8221;][cms_blog_grid layout=&#8221;masonry&#8221; filter=&#8221;false&#8221; col_xs=&#8221;1&#8243; col_sm=&#8221;2&#8243; col_md=&#8221;2&#8243; col_lg=&#8221;3&#8243; col_xl=&#8221;3&#8243;][\/vc_column][\/vc_row][vc_row full_width=&#8221;stretch_row&#8221; parallax=&#8221;content-moving&#8221; parallax_image=&#8221;153&#8243; parallax_speed_bg=&#8221;1.4&#8243; css=&#8221;.vc_custom_1548038016254{padding-top: 64px !important;}&#8221;][vc_column width=&#8221;7\/12&#8243; css=&#8221;.vc_custom_1547610067316{padding-top: 0px !important;}&#8221;][cms_heading text=&#8221;Hemen Bizimle \u0130leti\u015fime Ge\u00e7in&#8221; align_xs=&#8221;align-center-xs&#8221; font_size=&#8221;68&#8243; font_size_md=&#8221;48&#8243; font_size_sm=&#8221;42&#8243; font_size_xs=&#8221;32&#8243; line_height=&#8221;68&#8243; line_height_md=&#8221;48&#8243; line_height_sm=&#8221;48&#8243; line_height_xs=&#8221;36&#8243; font_weight=&#8221;400&#8243; text_color=&#8221;#ffffff&#8221; sub_title=&#8221;\u0130\u015fitme cihaz\u0131n\u0131za kavu\u015fabilmek i\u00e7in&#8221; description=&#8221;Daha iyi i\u015fitmeniz i\u00e7in buraday\u0131z &#8221; description_font_size=&#8221;25&#8243; description_line_height=&#8221;36&#8243; description_color=&#8221;#ffffff&#8221; divider=&#8221;&#8221; divider_position=&#8221;&#8221; margin_bottom=&#8221;31&#8243; [&hellip;]<\/p>\n","protected":false},"author":1,"featured_media":0,"parent":0,"menu_order":0,"comment_status":"closed","ping_status":"closed","template":"","meta":{"footnotes":""},"class_list":["post-2194","page","type-page","status-publish","hentry"],"aioseo_notices":[],"_links":{"self":[{"href":"https:\/\/turkuazisitme.com\/ru\/wp-json\/wp\/v2\/pages\/2194","targetHints":{"allow":["GET"]}}],"collection":[{"href":"https:\/\/turkuazisitme.com\/ru\/wp-json\/wp\/v2\/pages"}],"about":[{"href":"https:\/\/turkuazisitme.com\/ru\/wp-json\/wp\/v2\/types\/page"}],"author":[{"embeddable":true,"href":"https:\/\/turkuazisitme.com\/ru\/wp-json\/wp\/v2\/users\/1"}],"replies":[{"embeddable":true,"href":"https:\/\/turkuazisitme.com\/ru\/wp-json\/wp\/v2\/comments?post=2194"}],"version-history":[{"count":7,"href":"https:\/\/turkuazisitme.com\/ru\/wp-json\/wp\/v2\/pages\/2194\/revisions"}],"predecessor-version":[{"id":2967,"href":"https:\/\/turkuazisitme.com\/ru\/wp-json\/wp\/v2\/pages\/2194\/revisions\/2967"}],"wp:attachment":[{"href":"https:\/\/turkuazisitme.com\/ru\/wp-json\/wp\/v2\/media?parent=2194"}],"curies":[{"name":"wp","href":"https:\/\/api.w.org\/{rel}","templated":true}]}}