{"id":1976,"date":"2022-11-08T10:13:53","date_gmt":"2022-11-08T07:13:53","guid":{"rendered":"https:\/\/turkuazisitme.com\/ru\/?page_id=1976"},"modified":"2025-12-06T09:40:17","modified_gmt":"2025-12-06T06:40:17","slug":"%d0%be-%d0%bd%d0%b0%d1%81","status":"publish","type":"page","link":"https:\/\/turkuazisitme.com\/ru\/%d0%be-%d0%bd%d0%b0%d1%81\/","title":{"rendered":"\u041e \u043d\u0430\u0441"},"content":{"rendered":"<section class=\"wpb-content-wrapper\"><p>[vc_row full_width=&#8221;stretch_row&#8221; parallax=&#8221;content-moving&#8221; parallax_image=&#8221;2829&#8243; parallax_speed_bg=&#8221;1&#8243; bg_image_position=&#8221;bg-image-ps-center&#8221;][vc_column css=&#8221;.vc_custom_1550736623850{padding-top: 109px !important;padding-bottom: 115px !important;}&#8221;][cms_heading text=&#8221;\u041e \u043d\u0430\u0441&#8221; tag=&#8221;h2&#8243; align_lg=&#8221;align-center&#8221; align_md=&#8221;align-center-md&#8221; align_sm=&#8221;align-center-sm&#8221; align_xs=&#8221;align-center-xs&#8221; font_weight=&#8221;500&#8243; text_color=&#8221;#ffffff&#8221; margin_bottom=&#8221;0&#8243; margin_top=&#8221;11&#8243; el_class=&#8221;color-primary-sub&#8221;][\/vc_column][\/vc_row][vc_row css=&#8221;.vc_custom_1550571513618{padding-top: 65px !important;}&#8221;][vc_column width=&#8221;1\/2&#8243; css=&#8221;.vc_custom_1550736687510{margin-top: -4px !important;padding-top: 0px !important;}&#8221;][cms_heading text=&#8221;\u0421\u043b\u0443\u0445\u043e\u0432\u044b\u0435 \u0430\u043f\u043f\u0430\u0440\u0430\u0442\u044b TURKUAZ&#8221; sub_title=&#8221;\u041e \u043d\u0430\u0441&#8221; margin_top=&#8221;11&#8243;][vc_column_text text_size=&#8221;weight-300&#8243; css=&#8221;.vc_custom_1765003034517{margin-bottom: 0px !important;}&#8221;]\u041c\u044b \u0440\u0430\u0431\u043e\u0442\u0430\u0435\u043c, \u043d\u0435 \u043e\u0442\u0441\u0442\u0443\u043f\u0430\u044f \u043e\u0442 \u043d\u0430\u0448\u0438\u0445 \u0446\u0435\u043d\u043d\u043e\u0441\u0442\u0435\u0439, \u0441 \u0446\u0435\u043b\u044c\u044e \u043f\u0440\u0435\u0434\u043b\u043e\u0436\u0438\u0442\u044c \u043b\u0443\u0447\u0448\u0438\u0435 \u0440\u0435\u0448\u0435\u043d\u0438\u044f \u0434\u043b\u044f \u043b\u044e\u0434\u0435\u0439, \u0438\u0441\u043f\u044b\u0442\u044b\u0432\u0430\u044e\u0449\u0438\u0445 \u043f\u043e\u0442\u0435\u0440\u044e \u0441\u043b\u0443\u0445\u0430. \u0421\u043b\u0435\u0434\u0443\u044f \u043f\u0435\u0440\u0435\u0434\u043e\u0432\u044b\u043c \u0442\u0435\u0445\u043d\u043e\u043b\u043e\u0433\u0438\u044f\u043c \u0438 \u0438\u043d\u043d\u043e\u0432\u0430\u0446\u0438\u044f\u043c, \u043c\u044b \u043f\u043e\u0432\u044b\u0448\u0430\u0435\u043c \u043a\u0430\u0447\u0435\u0441\u0442\u0432\u043e \u0436\u0438\u0437\u043d\u0438 \u043d\u0430\u0448\u0438\u0445 \u043f\u043e\u043b\u044c\u0437\u043e\u0432\u0430\u0442\u0435\u043b\u0435\u0439.<br \/>\n\u041d\u0430\u0448\u0438 \u0443\u0441\u0442\u0440\u043e\u0439\u0441\u0442\u0432\u0430 \u043e\u0441\u043d\u0430\u0449\u0435\u043d\u044b \u0441\u043f\u0435\u0446\u0438\u0430\u043b\u044c\u043d\u044b\u043c\u0438 \u0430\u043b\u0433\u043e\u0440\u0438\u0442\u043c\u0430\u043c\u0438 \u0438 \u043d\u043e\u0432\u0435\u0439\u0448\u0438\u043c\u0438 \u0442\u0435\u0445\u043d\u043e\u043b\u043e\u0433\u0438\u0447\u0435\u0441\u043a\u0438\u043c\u0438 \u043a\u043e\u043c\u043f\u043e\u043d\u0435\u043d\u0442\u0430\u043c\u0438. \u041d\u0430\u0448\u0430 \u043e\u043f\u044b\u0442\u043d\u0430\u044f \u043a\u043e\u043c\u0430\u043d\u0434\u0430 \u041d\u0418\u041e\u041a\u0420 \u043d\u0435\u043f\u0440\u0435\u0440\u044b\u0432\u043d\u043e \u0440\u0430\u0431\u043e\u0442\u0430\u0435\u0442 \u043d\u0430\u0434 \u0441\u043e\u0437\u0434\u0430\u043d\u0438\u0435\u043c \u0438\u043d\u043d\u043e\u0432\u0430\u0446\u0438\u043e\u043d\u043d\u044b\u0445 \u0438 \u044d\u0444\u0444\u0435\u043a\u0442\u0438\u0432\u043d\u044b\u0445 \u0440\u0435\u0448\u0435\u043d\u0438\u0439.<\/p>\n<p>\u041d\u0430\u0448\u0430 \u043f\u0440\u043e\u0444\u0435\u0441\u0441\u0438\u043e\u043d\u0430\u043b\u044c\u043d\u0430\u044f \u043a\u043e\u043c\u0430\u043d\u0434\u0430 \u043f\u0440\u0438\u043b\u0430\u0433\u0430\u0435\u0442 \u0431\u043e\u043b\u044c\u0448\u0438\u0435 \u0443\u0441\u0438\u043b\u0438\u044f \u0434\u043b\u044f \u0440\u0430\u0437\u0440\u0430\u0431\u043e\u0442\u043a\u0438 \u0443\u0441\u0442\u0440\u043e\u0439\u0441\u0442\u0432, \u043e\u0442\u0432\u0435\u0447\u0430\u044e\u0449\u0438\u0445 \u0441\u043b\u0443\u0445\u043e\u0432\u044b\u043c \u0438 \u044d\u043c\u043e\u0446\u0438\u043e\u043d\u0430\u043b\u044c\u043d\u044b\u043c \u043f\u043e\u0442\u0440\u0435\u0431\u043d\u043e\u0441\u0442\u044f\u043c \u043f\u043e\u043b\u044c\u0437\u043e\u0432\u0430\u0442\u0435\u043b\u0435\u0439. \u041a\u0430\u043a Turkuaz \u0130\u015fitme Cihazlar\u0131, \u043c\u044b \u0441\u0442\u0440\u0435\u043c\u0438\u043c\u0441\u044f \u043f\u0440\u0435\u0434\u043e\u0441\u0442\u0430\u0432\u0438\u0442\u044c \u043b\u0443\u0447\u0448\u0438\u0439 \u043e\u043f\u044b\u0442 \u0441\u043b\u0443\u0445\u0430 \u0431\u043b\u0430\u0433\u043e\u0434\u0430\u0440\u044f \u043e\u0440\u0438\u0435\u043d\u0442\u0438\u0440\u043e\u0432\u0430\u043d\u043d\u043e\u043c\u0443 \u043d\u0430 \u043f\u043e\u043b\u044c\u0437\u043e\u0432\u0430\u0442\u0435\u043b\u044f \u0434\u0438\u0437\u0430\u0439\u043d\u0443 \u0438 \u0438\u043d\u043d\u043e\u0432\u0430\u0446\u0438\u043e\u043d\u043d\u044b\u043c \u0442\u0435\u0445\u043d\u043e\u043b\u043e\u0433\u0438\u044f\u043c.[\/vc_column_text][cms_space space_lg=&#8221;50&#8243; space_md=&#8221;50&#8243; space_sm=&#8221;50&#8243; space_xs=&#8221;40&#8243;][cms_button button_text=&#8221;\u041d\u0410\u0428\u0418 \u0424\u0418\u041b\u0418\u0410\u041b\u042b&#8221; button_link=&#8221;url:https%3A%2F%2Fturkuazisitme.com\/ru%2Fsubelerimiz%2F|title:%C5%9Eubelerimiz&#8221; icon_type=&#8221;image&#8221; icon_image=&#8221;762&#8243; el_class=&#8221;size-button-xs&#8221;][cms_space space_lg=&#8221;0&#8243; space_md=&#8221;0&#8243; space_sm=&#8221;0&#8243; space_xs=&#8221;55&#8243;][\/vc_column][vc_column width=&#8221;1\/2&#8243; css=&#8221;.vc_custom_1550571057506{padding-top: 0px !important;}&#8221;][cms_single_image image=&#8221;2787&#8243; block_revealers=&#8221;yes&#8221; direction=&#8221;rl&#8221; overlay_color=&#8221;#0fa4d8&#8243;][\/vc_column][\/vc_row][vc_row css=&#8221;.vc_custom_1550737138404{padding-top: 67px !important;}&#8221;][vc_column width=&#8221;1\/2&#8243; css=&#8221;.vc_custom_1550571057506{padding-top: 0px !important;}&#8221;][cms_single_image image=&#8221;2788&#8243; block_revealers=&#8221;yes&#8221; overlay_color=&#8221;#0fa4d8&#8243;][\/vc_column][vc_column css_animation=&#8221;fadeIn&#8221; width=&#8221;1\/2&#8243; css=&#8221;.vc_custom_1553244310330{padding-top: 0px !important;}&#8221;][cms_space space_lg=&#8221;0&#8243; space_md=&#8221;0&#8243; space_sm=&#8221;0&#8243; space_xs=&#8221;55&#8243;][cms_heading text=&#8221;\u0413\u041b\u041e\u0411\u0410\u041b\u042c\u041d\u042b\u0419 \u0423\u0421\u041f\u0415\u0425&#8221; margin_top=&#8221;-7&#8243;][vc_column_text text_size=&#8221;weight-300&#8243; css=&#8221;.vc_custom_1765003128836{margin-bottom: 32px !important;}&#8221;]\u041a\u043e\u043c\u043f\u0430\u043d\u0438\u044f Turkuaz \u0130\u015fitme \u043f\u043e\u043b\u0443\u0447\u0430\u0435\u0442 \u043f\u0440\u0438\u0437\u043d\u0430\u043d\u0438\u0435 \u043a\u0430\u043a \u0443 \u0441\u043f\u0435\u0446\u0438\u0430\u043b\u0438\u0441\u0442\u043e\u0432 \u043f\u043e \u0441\u043b\u0443\u0445\u0443, \u0442\u0430\u043a \u0438 \u0443 \u043f\u043e\u043b\u044c\u0437\u043e\u0432\u0430\u0442\u0435\u043b\u0435\u0439 \u0431\u043b\u0430\u0433\u043e\u0434\u0430\u0440\u044f \u0448\u0438\u0440\u043e\u043a\u043e\u043c\u0443 \u0430\u0441\u0441\u043e\u0440\u0442\u0438\u043c\u0435\u043d\u0442\u0443 \u043f\u0440\u043e\u0434\u0443\u043a\u0446\u0438\u0438 \u0438 \u0438\u043d\u043d\u043e\u0432\u0430\u0446\u0438\u043e\u043d\u043d\u044b\u043c \u0442\u0435\u0445\u043d\u043e\u043b\u043e\u0433\u0438\u044f\u043c. \u0412 \u0442\u043e \u0432\u0440\u0435\u043c\u044f \u043a\u0430\u043a \u043d\u0430\u0448\u0430 \u0441\u0435\u0442\u044c \u043f\u0440\u043e\u0434\u0430\u0436 \u043f\u043e\u0441\u0442\u043e\u044f\u043d\u043d\u043e \u0440\u0430\u0441\u0448\u0438\u0440\u044f\u0435\u0442\u0441\u044f, \u043c\u044b \u0432\u044b\u0434\u0435\u043b\u044f\u0435\u043c\u0441\u044f \u0432\u044b\u0441\u043e\u043a\u0438\u043c \u043a\u0430\u0447\u0435\u0441\u0442\u0432\u043e\u043c \u043e\u0431\u0441\u043b\u0443\u0436\u0438\u0432\u0430\u043d\u0438\u044f \u0438 \u0432\u043d\u0438\u043c\u0430\u0442\u0435\u043b\u044c\u043d\u044b\u043c \u043e\u0442\u043d\u043e\u0448\u0435\u043d\u0438\u0435\u043c \u043a \u043a\u0430\u0436\u0434\u043e\u043c\u0443 \u043f\u0443\u043d\u043a\u0442\u0443 \u043f\u0440\u043e\u0434\u0430\u0436. \u041c\u044b \u0442\u0449\u0430\u0442\u0435\u043b\u044c\u043d\u043e \u043a\u043e\u043d\u0442\u0440\u043e\u043b\u0438\u0440\u0443\u0435\u043c \u0432\u0441\u0435 \u0442\u043e\u0447\u043a\u0438 \u0440\u0435\u0430\u043b\u0438\u0437\u0430\u0446\u0438\u0438 \u0438 \u043f\u043e\u0441\u0442\u043e\u044f\u043d\u043d\u043e \u0434\u043e\u0431\u0430\u0432\u043b\u044f\u0435\u043c \u043d\u043e\u0432\u044b\u0435 \u043a\u0430\u043d\u0430\u043b\u044b \u043f\u0440\u043e\u0434\u0430\u0436 \u0432 \u0431\u043e\u043b\u0435\u0435 \u0447\u0435\u043c 50 \u0441\u0442\u0440\u0430\u043d\u0430\u0445.<\/p>\n<p>\u041c\u044b \u0441\u043e\u0442\u0440\u0443\u0434\u043d\u0438\u0447\u0430\u0435\u043c \u0441 \u043e\u043f\u044b\u0442\u043d\u044b\u043c\u0438 \u041b\u041e\u0420-\u0432\u0440\u0430\u0447\u0430\u043c\u0438, \u0441\u043b\u0443\u0445\u043e\u0432\u044b\u043c\u0438 \u0430\u043a\u0443\u0441\u0442\u0438\u043a\u0430\u043c\u0438 \u0438 \u0430\u0443\u0434\u0438\u043e\u043b\u043e\u0433\u0430\u043c\u0438, \u043f\u0440\u0435\u0434\u043b\u0430\u0433\u0430\u044f \u0431\u043e\u043b\u0435\u0435 \u0441\u043e\u0432\u0435\u0440\u0448\u0435\u043d\u043d\u044b\u0435 \u0438 \u043f\u043e\u043b\u0435\u0437\u043d\u044b\u0435 \u043f\u0440\u043e\u0434\u0443\u043a\u0442\u044b. \u0418\u0437\u0434\u0435\u043b\u0438\u044f Turkuaz \u043f\u043e\u043a\u0430\u0437\u0430\u043b\u0438 \u0432\u044b\u0441\u043e\u043a\u0438\u0435 \u0440\u0435\u0437\u0443\u043b\u044c\u0442\u0430\u0442\u044b \u0432 \u0442\u0435\u0441\u0442\u0430\u0445, \u043f\u0440\u043e\u0432\u043e\u0434\u0438\u043c\u044b\u0445 \u0432 \u0440\u0430\u0437\u043b\u0438\u0447\u043d\u044b\u0445 \u0443\u043d\u0438\u0432\u0435\u0440\u0441\u0438\u0442\u0435\u0442\u0441\u043a\u0438\u0445 \u043a\u043b\u0438\u043d\u0438\u043a\u0430\u0445. \u041c\u044b \u043f\u043e\u0434\u0434\u0435\u0440\u0436\u0438\u0432\u0430\u0435\u043c \u0441\u043e\u0442\u0440\u0443\u0434\u043d\u0438\u0447\u0435\u0441\u0442\u0432\u043e \u0438 \u0441\u043e\u0432\u043c\u0435\u0441\u0442\u043d\u044b\u0435 \u0438\u0441\u0441\u043b\u0435\u0434\u043e\u0432\u0430\u043d\u0438\u044f \u0441\u043e \u043c\u043d\u043e\u0433\u0438\u043c\u0438 \u0443\u043d\u0438\u0432\u0435\u0440\u0441\u0438\u0442\u0435\u0442\u0430\u043c\u0438 \u043f\u043e \u0432\u0441\u0435\u043c\u0443 \u043c\u0438\u0440\u0443. \u0411\u043b\u0430\u0433\u043e\u0434\u0430\u0440\u044f \u043d\u0430\u0448\u0435\u043c\u0443 \u0432\u043d\u0438\u043c\u0430\u043d\u0438\u044e \u043a \u041d\u0418\u041e\u041a\u0420 \u043c\u044b \u043a\u0430\u0436\u0434\u044b\u0439 \u0434\u0435\u043d\u044c \u0440\u0430\u0437\u0440\u0430\u0431\u0430\u0442\u044b\u0432\u0430\u0435\u043c \u0431\u043e\u043b\u0435\u0435 \u043f\u0435\u0440\u0435\u0434\u043e\u0432\u044b\u0435 \u0442\u0435\u0445\u043d\u043e\u043b\u043e\u0433\u0438\u0438 \u0438 \u043f\u0440\u043e\u0434\u043e\u043b\u0436\u0430\u0435\u043c \u0437\u0430\u0434\u0430\u0432\u0430\u0442\u044c \u043d\u0430\u043f\u0440\u0430\u0432\u043b\u0435\u043d\u0438\u0435 \u043e\u0442\u0440\u0430\u0441\u043b\u0438.[\/vc_column_text][\/vc_column][\/vc_row][vc_row css=&#8221;.vc_custom_1550737182985{padding-top: 66px !important;padding-bottom: 67px !important;}&#8221;][vc_column css_animation=&#8221;fadeIn&#8221; width=&#8221;1\/2&#8243; css=&#8221;.vc_custom_1553244321954{padding-top: 0px !important;}&#8221;][cms_heading text=&#8221;\u0423\u0414\u041e\u0412\u041b\u0415\u0422\u0412\u041e\u0420\u0401\u041d\u041d\u041e\u0421\u0422\u042c \u041a\u041b\u0418\u0415\u041d\u0422\u041e\u0412&#8221; margin_top=&#8221;-7&#8243;][vc_column_text text_size=&#8221;weight-300&#8243; css=&#8221;.vc_custom_1765003168612{margin-bottom: 34px !important;}&#8221;]\u041a\u043e\u043c\u043f\u0430\u043d\u0438\u044f Turkuaz \u0130\u015fitme Cihazlar\u0131 \u043e\u0441\u0443\u0449\u0435\u0441\u0442\u0432\u043b\u044f\u0435\u0442 \u043f\u0440\u043e\u0434\u0432\u0438\u0436\u0435\u043d\u0438\u0435, \u043c\u0430\u0440\u043a\u0435\u0442\u0438\u043d\u0433 \u0438 \u043f\u0440\u043e\u0434\u0430\u0436\u0438 \u0441\u0432\u043e\u0435\u0439 \u043f\u0440\u043e\u0434\u0443\u043a\u0446\u0438\u0438, \u043e\u043f\u0438\u0440\u0430\u044f\u0441\u044c \u043d\u0430 \u0435\u0451 \u043e\u0442\u043b\u0438\u0447\u0438\u0442\u0435\u043b\u044c\u043d\u044b\u0435 \u0438 \u043f\u0440\u0435\u0432\u043e\u0441\u0445\u043e\u0434\u043d\u044b\u0435 \u0445\u0430\u0440\u0430\u043a\u0442\u0435\u0440\u0438\u0441\u0442\u0438\u043a\u0438. \u041c\u044b \u043f\u043e\u0434\u0434\u0435\u0440\u0436\u0438\u0432\u0430\u0435\u043c \u043e\u0442\u043d\u043e\u0448\u0435\u043d\u0438\u044f \u0441 \u0434\u0440\u0443\u0433\u0438\u043c\u0438 \u043f\u0440\u043e\u0438\u0437\u0432\u043e\u0434\u0438\u0442\u0435\u043b\u044f\u043c\u0438 \u043e\u0442\u0440\u0430\u0441\u043b\u0438 \u043d\u0430 \u043f\u0440\u0438\u043d\u0446\u0438\u043f\u0438\u0430\u043b\u044c\u043d\u043e\u0439, \u043f\u0440\u043e\u0444\u0435\u0441\u0441\u0438\u043e\u043d\u0430\u043b\u044c\u043d\u043e\u0439 \u0438 \u044d\u0442\u0438\u0447\u0435\u0441\u043a\u043e\u0439 \u043e\u0441\u043d\u043e\u0432\u0435. \u0423\u0434\u043e\u0432\u043b\u0435\u0442\u0432\u043e\u0440\u0451\u043d\u043d\u043e\u0441\u0442\u044c \u043a\u043b\u0438\u0435\u043d\u0442\u043e\u0432 \u044f\u0432\u043b\u044f\u0435\u0442\u0441\u044f \u0434\u043b\u044f \u043d\u0430\u0441 \u043d\u0435\u0438\u0437\u043c\u0435\u043d\u043d\u043e\u0439 \u0438 \u043a\u043b\u044e\u0447\u0435\u0432\u043e\u0439 \u0446\u0435\u043d\u043d\u043e\u0441\u0442\u044c\u044e.<\/p>\n<p>\u0424\u043e\u0440\u043c\u0438\u0440\u0443\u044f \u0441\u043b\u0443\u0445\u043e\u0432\u043e\u0439 \u043e\u043f\u044b\u0442 \u043d\u0430\u0448\u0438\u0445 \u043f\u043e\u043b\u044c\u0437\u043e\u0432\u0430\u0442\u0435\u043b\u0435\u0439, \u043c\u044b \u043f\u043e\u0441\u0442\u043e\u044f\u043d\u043d\u043e \u043f\u0440\u043e\u0432\u0435\u0440\u044f\u0435\u043c \u043a\u0430\u0447\u0435\u0441\u0442\u0432\u043e \u0441\u0435\u0440\u0432\u0438\u0441\u0430 \u0438 \u0443\u0440\u043e\u0432\u0435\u043d\u044c \u043d\u0430\u0448\u0438\u0445 \u0434\u043e\u0441\u0442\u0438\u0436\u0435\u043d\u0438\u0439. \u041e\u0431\u0440\u0430\u0442\u043d\u0430\u044f \u0441\u0432\u044f\u0437\u044c, \u043f\u043e\u043b\u0443\u0447\u0430\u0435\u043c\u0430\u044f \u043e\u0442 \u043f\u043e\u043b\u044c\u0437\u043e\u0432\u0430\u0442\u0435\u043b\u0435\u0439, \u043f\u043e\u043c\u043e\u0433\u0430\u0435\u0442 \u043d\u0430\u043c \u043e\u0431\u044a\u0435\u043a\u0442\u0438\u0432\u043d\u043e \u043e\u0446\u0435\u043d\u0438\u0432\u0430\u0442\u044c \u0443\u0440\u043e\u0432\u0435\u043d\u044c \u043d\u0430\u0448\u0435\u0433\u043e \u0443\u0441\u043f\u0435\u0445\u0430. \u041d\u0430\u0448\u0430 \u0446\u0435\u043b\u044c \u2014 \u043d\u0435 \u043f\u0440\u043e\u0441\u0442\u043e \u043f\u0440\u043e\u0434\u0430\u0432\u0430\u0442\u044c \u0431\u043e\u043b\u044c\u0448\u0435 \u043f\u0440\u043e\u0434\u0443\u043a\u0446\u0438\u0438, \u0430 \u043f\u0440\u0435\u0434\u043b\u0430\u0433\u0430\u0442\u044c \u043a\u0430\u0447\u0435\u0441\u0442\u0432\u0435\u043d\u043d\u044b\u0435 \u0442\u043e\u0432\u0430\u0440\u044b \u0438 \u0443\u0441\u043b\u0443\u0433\u0438. \u0411\u043b\u0430\u0433\u043e\u0434\u0430\u0440\u044f \u0438\u043d\u043d\u043e\u0432\u0430\u0446\u0438\u043e\u043d\u043d\u044b\u043c \u043f\u043e\u0434\u0445\u043e\u0434\u0430\u043c \u0438 \u043e\u0440\u0438\u0435\u043d\u0442\u0430\u0446\u0438\u0438 \u043d\u0430 \u043a\u043b\u0438\u0435\u043d\u0442\u0430 \u043c\u044b \u0441\u0442\u0440\u0435\u043c\u0438\u043c\u0441\u044f \u0432\u044b\u0434\u0435\u043b\u044f\u0442\u044c\u0441\u044f \u0432 \u043e\u0442\u0440\u0430\u0441\u043b\u0438. \u041f\u0440\u0435\u0434\u043b\u0430\u0433\u0430\u044f \u0442\u0435\u0445\u043d\u043e\u043b\u043e\u0433\u0438\u0447\u043d\u044b\u0435 \u0438 \u043e\u0440\u0438\u0435\u043d\u0442\u0438\u0440\u043e\u0432\u0430\u043d\u043d\u044b\u0435 \u043d\u0430 \u0447\u0435\u043b\u043e\u0432\u0435\u043a\u0430 \u0440\u0435\u0448\u0435\u043d\u0438\u044f, \u043c\u044b \u0441\u0442\u0430\u0432\u0438\u043c \u0441\u0432\u043e\u0435\u0439 \u0437\u0430\u0434\u0430\u0447\u0435\u0439 \u043e\u0431\u043b\u0435\u0433\u0447\u0430\u0442\u044c \u0436\u0438\u0437\u043d\u044c \u043d\u0430\u0448\u0438\u0445 \u043f\u043e\u043b\u044c\u0437\u043e\u0432\u0430\u0442\u0435\u043b\u0435\u0439.[\/vc_column_text][cms_space space_lg=&#8221;0&#8243; space_md=&#8221;0&#8243; space_sm=&#8221;0&#8243; space_xs=&#8221;55&#8243;][\/vc_column][vc_column width=&#8221;1\/2&#8243; css=&#8221;.vc_custom_1550571057506{padding-top: 0px !important;}&#8221;][cms_single_image image=&#8221;2789&#8243; block_revealers=&#8221;yes&#8221; direction=&#8221;rl&#8221; overlay_color=&#8221;#0fa4d8&#8243;][\/vc_column][\/vc_row][vc_row full_width=&#8221;stretch_row&#8221; cms_row_class=&#8221;row-overlay&#8221; bg_image_position=&#8221;bg-image-ps-center&#8221; bg_attachment_fixed=&#8221;bg-attachment-fixed&#8221; css=&#8221;.vc_custom_1722931518272{background: rgba(9,16,49,0.7) url(https:\/\/turkuazisitme.com\/ru\/wp-content\/uploads\/2024\/08\/3-1.jpg?id=2802) !important;*background-color: rgb(9,16,49) !important;}&#8221;][vc_column css=&#8221;.vc_custom_1550738508904{padding-top: 130px !important;padding-bottom: 137px !important;}&#8221;][cms_heading text=&#8221;\u0421\u0432\u044f\u0436\u0438\u0442\u0435\u0441\u044c \u0441 \u043d\u0430\u043c\u0438 \u043f\u0440\u044f\u043c\u043e \u0441\u0435\u0439\u0447\u0430\u0441&#8221; align_lg=&#8221;align-center&#8221; align_md=&#8221;align-center-md&#8221; align_sm=&#8221;align-center-sm&#8221; align_xs=&#8221;align-center-xs&#8221; font_size=&#8221;62&#8243; font_size_md=&#8221;62&#8243; font_size_sm=&#8221;36&#8243; font_size_xs=&#8221;32&#8243; line_height=&#8221;68&#8243; line_height_md=&#8221;68&#8243; line_height_sm=&#8221;40&#8243; line_height_xs=&#8221;36&#8243; font_weight=&#8221;400&#8243; letter_spacing=&#8221;0.05em&#8221; text_color=&#8221;#ffffff&#8221; sub_title=&#8221;\u0427\u0442\u043e\u0431\u044b \u043f\u043e\u043b\u0443\u0447\u0438\u0442\u044c \u0441\u0432\u043e\u0439 \u0441\u043b\u0443\u0445\u043e\u0432\u043e\u0439 \u0430\u043f\u043f\u0430\u0440\u0430\u0442&#8221; sub_title_color=&#8221;#ffffff&#8221; margin_bottom=&#8221;68&#8243; margin_top=&#8221;30&#8243;][cms_button button_text=&#8221;\u041a\u041e\u041d\u0422\u0410\u041a\u0422\u042b&#8221; button_link=&#8221;url:https%3A%2F%2Fturkuazisitme.com\/ru%2F%23&#8243; button_style=&#8221;btn-modern&#8221; align_lg=&#8221;align-center&#8221; align_md=&#8221;align-center-md&#8221; align_sm=&#8221;align-center-sm&#8221; align_xs=&#8221;align-center-xs&#8221; el_class=&#8221;size-button-xs&#8221;][\/vc_column][\/vc_row]<\/p>\n<\/section>","protected":false},"excerpt":{"rendered":"<p>[vc_row full_width=&#8221;stretch_row&#8221; parallax=&#8221;content-moving&#8221; parallax_image=&#8221;2829&#8243; parallax_speed_bg=&#8221;1&#8243; bg_image_position=&#8221;bg-image-ps-center&#8221;][vc_column css=&#8221;.vc_custom_1550736623850{padding-top: 109px !important;padding-bottom: 115px !important;}&#8221;][cms_heading text=&#8221;\u041e \u043d\u0430\u0441&#8221; tag=&#8221;h2&#8243; align_lg=&#8221;align-center&#8221; align_md=&#8221;align-center-md&#8221; align_sm=&#8221;align-center-sm&#8221; align_xs=&#8221;align-center-xs&#8221; font_weight=&#8221;500&#8243; text_color=&#8221;#ffffff&#8221; margin_bottom=&#8221;0&#8243; margin_top=&#8221;11&#8243; el_class=&#8221;color-primary-sub&#8221;][\/vc_column][\/vc_row][vc_row css=&#8221;.vc_custom_1550571513618{padding-top: 65px !important;}&#8221;][vc_column width=&#8221;1\/2&#8243; css=&#8221;.vc_custom_1550736687510{margin-top: -4px !important;padding-top: 0px !important;}&#8221;][cms_heading text=&#8221;\u0421\u043b\u0443\u0445\u043e\u0432\u044b\u0435 \u0430\u043f\u043f\u0430\u0440\u0430\u0442\u044b TURKUAZ&#8221; sub_title=&#8221;\u041e \u043d\u0430\u0441&#8221; margin_top=&#8221;11&#8243;][vc_column_text text_size=&#8221;weight-300&#8243; css=&#8221;.vc_custom_1765003034517{margin-bottom: 0px !important;}&#8221;]\u041c\u044b \u0440\u0430\u0431\u043e\u0442\u0430\u0435\u043c, \u043d\u0435 \u043e\u0442\u0441\u0442\u0443\u043f\u0430\u044f \u043e\u0442 \u043d\u0430\u0448\u0438\u0445 \u0446\u0435\u043d\u043d\u043e\u0441\u0442\u0435\u0439, \u0441 \u0446\u0435\u043b\u044c\u044e \u043f\u0440\u0435\u0434\u043b\u043e\u0436\u0438\u0442\u044c \u043b\u0443\u0447\u0448\u0438\u0435 \u0440\u0435\u0448\u0435\u043d\u0438\u044f \u0434\u043b\u044f \u043b\u044e\u0434\u0435\u0439, [&hellip;]<\/p>\n","protected":false},"author":1,"featured_media":0,"parent":0,"menu_order":0,"comment_status":"closed","ping_status":"closed","template":"","meta":{"footnotes":""},"class_list":["post-1976","page","type-page","status-publish","hentry"],"aioseo_notices":[],"_links":{"self":[{"href":"https:\/\/turkuazisitme.com\/ru\/wp-json\/wp\/v2\/pages\/1976","targetHints":{"allow":["GET"]}}],"collection":[{"href":"https:\/\/turkuazisitme.com\/ru\/wp-json\/wp\/v2\/pages"}],"about":[{"href":"https:\/\/turkuazisitme.com\/ru\/wp-json\/wp\/v2\/types\/page"}],"author":[{"embeddable":true,"href":"https:\/\/turkuazisitme.com\/ru\/wp-json\/wp\/v2\/users\/1"}],"replies":[{"embeddable":true,"href":"https:\/\/turkuazisitme.com\/ru\/wp-json\/wp\/v2\/comments?post=1976"}],"version-history":[{"count":41,"href":"https:\/\/turkuazisitme.com\/ru\/wp-json\/wp\/v2\/pages\/1976\/revisions"}],"predecessor-version":[{"id":3057,"href":"https:\/\/turkuazisitme.com\/ru\/wp-json\/wp\/v2\/pages\/1976\/revisions\/3057"}],"wp:attachment":[{"href":"https:\/\/turkuazisitme.com\/ru\/wp-json\/wp\/v2\/media?parent=1976"}],"curies":[{"name":"wp","href":"https:\/\/api.w.org\/{rel}","templated":true}]}}