{"id":1965,"date":"2022-11-08T09:51:10","date_gmt":"2022-11-08T06:51:10","guid":{"rendered":"https:\/\/turkuazisitme.com\/ru\/?page_id=1965"},"modified":"2025-12-22T18:10:11","modified_gmt":"2025-12-22T15:10:11","slug":"%d0%bd%d0%b0%d1%88%d0%b8-%d1%84%d0%b8%d0%bb%d0%b8%d0%b0%d0%bb%d1%8b","status":"publish","type":"page","link":"https:\/\/turkuazisitme.com\/ru\/%d0%bd%d0%b0%d1%88%d0%b8-%d1%84%d0%b8%d0%bb%d0%b8%d0%b0%d0%bb%d1%8b\/","title":{"rendered":"\u041d\u0430\u0448\u0438 \u0444\u0438\u043b\u0438\u0430\u043b\u044b"},"content":{"rendered":"<section class=\"wpb-content-wrapper\"><p>[vc_row full_width=&#8221;stretch_row&#8221; bg_image_position=&#8221;bg-image-ps-center&#8221; css=&#8221;.vc_custom_1723036363010{background-image: url(https:\/\/turkuazisitme.com\/ru\/wp-content\/uploads\/2024\/08\/4-3.jpg?id=2829) !important;background-position: center !important;background-repeat: no-repeat !important;background-size: cover !important;}&#8221;][vc_column css=&#8221;.vc_custom_1548303985716{padding-top: 111px !important;padding-bottom: 111px !important;}&#8221;][cms_heading text=&#8221;\u041d\u0430\u0448\u0438 \u0444\u0438\u043b\u0438\u0430\u043b\u044b&#8221; tag=&#8221;h2&#8243; align_lg=&#8221;align-center&#8221; align_md=&#8221;align-center-md&#8221; align_sm=&#8221;align-center-sm&#8221; align_xs=&#8221;align-center-xs&#8221; font_size=&#8221;42&#8243; font_size_md=&#8221;36&#8243; font_size_sm=&#8221;30&#8243; font_size_xs=&#8221;26&#8243; font_weight=&#8221;500&#8243; text_color=&#8221;#ffffff&#8221; margin_bottom=&#8221;0&#8243;][\/vc_column][\/vc_row][vc_row][vc_column width=&#8221;1\/2&#8243;][vc_column_text]<\/p>\n<h4 style=\"text-align: center;\"><span style=\"color: #0000ff;\"><strong>\u0424\u0418\u041b\u0418\u0410\u041b \u0412 \u041a\u042f\u0413\u042b\u0422\u0425\u0410\u041d\u0415<\/strong><\/span><\/h4>\n<p>[\/vc_column_text][vc_column_text]<iframe loading=\"lazy\" style=\"border: 0;\" src=\"https:\/\/www.google.com\/maps\/embed?pb=!1m18!1m12!1m3!1d3008.17877462567!2d28.9717945!3d41.0650847!2m3!1f0!2f0!3f0!3m2!1i1024!2i768!4f13.1!3m3!1m2!1s0x14cab7af8ef43325%3A0x7e5b62314d4606c0!2zVHVya3VheiDEsMWfaXRtZSAtIEthxJ_EsXRoYW5l!5e0!3m2!1str!2str!4v1722954908957!5m2!1str!2str\" width=\"600\" height=\"450\" allowfullscreen=\"allowfullscreen\"><\/iframe>[\/vc_column_text][vc_column_text]<span style=\"color: #0000ff;\"><strong>\u0410\u0434\u0440\u0435\u0441:<\/strong><\/span> G\u00fcrsel Mah. Dar\u00fclaceze Cad. No:38 K:1 D:1 Okmeydan\u0131 \/ Ka\u011f\u0131thane<br \/>\nOkmeydan\u0131 E\u011fitim ve Ara\u015ft\u0131rma Hastane \u0130ETT Dura\u011f\u0131 Kar\u015f\u0131s\u0131<\/p>\n<p><span style=\"color: #0000ff;\"><strong>\u0422\u0435\u043b\u0435\u0444\u043e\u043d:<\/strong><\/span> <a href=\"tel:02122201838\">0212 220 18 38<\/a><br \/>\n<span style=\"color: #0000ff;\"><strong>\u0422\u0435\u043b\u0435\u0444\u043e\u043d:<\/strong><\/span> <a href=\"tel:05060314704\">0506 031 47 04<\/a>[\/vc_column_text][\/vc_column][vc_column width=&#8221;1\/2&#8243;][vc_column_text]<\/p>\n<h4 style=\"text-align: center;\"><strong><span style=\"color: #0000ff;\">\u0424\u0418\u041b\u0418\u0410\u041b \u0412 \u0421\u0410\u0420\u042b\u0415\u0420\u0415<\/span><\/strong><\/h4>\n<p>[\/vc_column_text][vc_column_text]<iframe loading=\"lazy\" style=\"border: 0;\" src=\"https:\/\/www.google.com\/maps\/embed?pb=!1m18!1m12!1m3!1d3003.45711601882!2d29.056213999999997!3d41.16819599999999!2m3!1f0!2f0!3f0!3m2!1i1024!2i768!4f13.1!3m3!1m2!1s0x409fdf233db79423%3A0x1f28f9abc75ed9a0!2zVHVya3VheiDEsMWfaXRtZSAtIFNhcsSxeWVy!5e0!3m2!1str!2str!4v1723029969340!5m2!1str!2str\" width=\"600\" height=\"450\" allowfullscreen=\"allowfullscreen\"><\/iframe>[\/vc_column_text][vc_column_text]<span style=\"color: #0000ff;\"><strong>\u0410\u0434\u0440\u0435\u0441:<\/strong><\/span> Sar\u0131yer Merkez Mah. \u015eehit Mithat Y\u0131lmaz Cad. No:15 K:1 Sar\u0131yer<br \/>\nSar\u0131yer B\u00f6rek\u00e7isi \u00dcst\u00fc<\/p>\n<p><strong><span style=\"color: #0000ff;\">\u0422\u0435\u043b\u0435\u0444\u043e\u043d<\/span>:<\/strong> <a href=\"tel:02122425134\">0212 242 51 34<\/a><br \/>\n<span style=\"color: #034a95;\"><strong><span style=\"color: #0000ff;\">\u0422\u0435\u043b\u0435\u0444\u043e\u043d<\/span>:\u00a0<\/strong><\/span><a href=\"tel:05060314904\">0506 031 49 04<\/a>[\/vc_column_text][\/vc_column][\/vc_row][vc_row][vc_column][vc_separator border_width=&#8221;2&#8243;][\/vc_column][\/vc_row][vc_row][vc_column width=&#8221;1\/2&#8243;][vc_column_text]<\/p>\n<h4 style=\"text-align: center;\"><span style=\"color: #0000ff;\"><strong>\u041d\u0410\u0428 \u0424\u0418\u041b\u0418\u0410\u041b \u0412 \u0418\u0421\u0422\u0418\u041d\u042c\u0415<\/strong><\/span><\/h4>\n<p>[\/vc_column_text][vc_column_text]<iframe loading=\"lazy\" style=\"border: 0;\" src=\"https:\/\/www.google.com\/maps\/embed?pb=!1m18!1m12!1m3!1d375.7399262079234!2d29.054417759179234!3d41.114451103811554!2m3!1f0!2f0!3f0!3m2!1i1024!2i768!4f13.1!3m3!1m2!1s0x14cacb3cce86f94f%3A0xd6644b4583fb00ee!2zVHVya3VheiDEsMWfaXRtZSDEsHN0aW55ZQ!5e0!3m2!1str!2str!4v1766394517367!5m2!1str!2str\" width=\"600\" height=\"450\" allowfullscreen=\"allowfullscreen\"><\/iframe>[\/vc_column_text][vc_column_text]<span style=\"color: #0000ff;\"><strong>\u0410\u0434\u0440\u0435\u0441:<\/strong><\/span>\u00a0\u0130stinye Mahallesi \u00c7ay\u0131r Caddesi No:4 K:1 D:5 (Bahar Lokantas\u0131 Kar\u015f\u0131s\u0131) \u0130stinye \/ \u0130STANBUL<\/p>\n<p><span style=\"color: #0000ff;\"><strong>\u0422\u0435\u043b\u0435\u0444\u043e\u043d:<\/strong><\/span> <a href=\"tel:02122776489\">0212 277 64 89<\/a><br \/>\n<span style=\"color: #0000ff;\"><strong>\u0422\u0435\u043b\u0435\u0444\u043e\u043d:<\/strong><\/span> <a href=\"tel:05060121665\">0506 012 16 65<\/a>[\/vc_column_text][\/vc_column][vc_column width=&#8221;1\/2&#8243;][\/vc_column][\/vc_row][vc_row full_width=&#8221;stretch_row&#8221; css=&#8221;.vc_custom_1548144891200{background-color: #ecf0f2 !important;}&#8221;][vc_column css=&#8221;.vc_custom_1548313473860{padding-top: 50px !important;padding-bottom: 51px !important;}&#8221;][cms_heading text=&#8221;\u041f\u043e\u0441\u0435\u0442\u0438\u0442\u0435 \u043d\u0430\u0448 \u0431\u043b\u0438\u0436\u0430\u0439\u0448\u0438\u0439 \u043a \u0432\u0430\u043c \u0444\u0438\u043b\u0438\u0430\u043b!<br \/>\n\u0412 \u043d\u0430\u0448\u0438\u0445 \u0444\u0438\u043b\u0438\u0430\u043b\u0430\u0445 \u0432\u044b \u043c\u043e\u0436\u0435\u0442\u0435 \u0431\u0435\u0441\u043f\u043b\u0430\u0442\u043d\u043e \u043f\u0440\u043e\u0439\u0442\u0438 \u043f\u0440\u043e\u0432\u0435\u0440\u043a\u0443 \u0441\u043b\u0443\u0445\u0430 \u0438 \u0432\u043c\u0435\u0441\u0442\u0435 \u0441 \u043d\u0430\u0448\u0438\u043c\u0438 \u0441\u043f\u0435\u0446\u0438\u0430\u043b\u0438\u0441\u0442\u0430\u043c\u0438 \u043f\u043e\u0434\u043e\u0431\u0440\u0430\u0442\u044c \u0438\u043d\u0434\u0438\u0432\u0438\u0434\u0443\u0430\u043b\u044c\u043d\u044b\u0435 \u0440\u0435\u0448\u0435\u043d\u0438\u044f \u0434\u043b\u044f \u0443\u043b\u0443\u0447\u0448\u0435\u043d\u0438\u044f \u0441\u043b\u0443\u0445\u0430.&#8221; tag=&#8221;div&#8221; align_lg=&#8221;align-center&#8221; align_md=&#8221;align-center-md&#8221; align_sm=&#8221;align-center-sm&#8221; align_xs=&#8221;align-center-xs&#8221; font_size=&#8221;16&#8243; font_size_md=&#8221;26&#8243; font_size_sm=&#8221;26&#8243; font_size_xs=&#8221;20&#8243; line_height=&#8221;30&#8243; line_height_md=&#8221;70&#8243; line_height_sm=&#8221;70&#8243; line_height_xs=&#8221;54&#8243; font_weight=&#8221;700&#8243; text_color=&#8221;#091031&#8243;][\/vc_column][\/vc_row]<\/p>\n<\/section>","protected":false},"excerpt":{"rendered":"<p>[vc_row full_width=&#8221;stretch_row&#8221; bg_image_position=&#8221;bg-image-ps-center&#8221; css=&#8221;.vc_custom_1723036363010{background-image: url(https:\/\/turkuazisitme.com\/ru\/wp-content\/uploads\/2024\/08\/4-3.jpg?id=2829) !important;background-position: center !important;background-repeat: no-repeat !important;background-size: cover !important;}&#8221;][vc_column css=&#8221;.vc_custom_1548303985716{padding-top: 111px !important;padding-bottom: 111px !important;}&#8221;][cms_heading text=&#8221;\u041d\u0430\u0448\u0438 \u0444\u0438\u043b\u0438\u0430\u043b\u044b&#8221; tag=&#8221;h2&#8243; align_lg=&#8221;align-center&#8221; align_md=&#8221;align-center-md&#8221; align_sm=&#8221;align-center-sm&#8221; align_xs=&#8221;align-center-xs&#8221; font_size=&#8221;42&#8243; font_size_md=&#8221;36&#8243; font_size_sm=&#8221;30&#8243; font_size_xs=&#8221;26&#8243; font_weight=&#8221;500&#8243; text_color=&#8221;#ffffff&#8221; margin_bottom=&#8221;0&#8243;][\/vc_column][\/vc_row][vc_row][vc_column width=&#8221;1\/2&#8243;][vc_column_text] \u0424\u0418\u041b\u0418\u0410\u041b \u0412 \u041a\u042f\u0413\u042b\u0422\u0425\u0410\u041d\u0415 [\/vc_column_text][vc_column_text][\/vc_column_text][vc_column_text]\u0410\u0434\u0440\u0435\u0441: G\u00fcrsel Mah. Dar\u00fclaceze Cad. No:38 K:1 D:1 Okmeydan\u0131 \/ Ka\u011f\u0131thane Okmeydan\u0131 E\u011fitim ve Ara\u015ft\u0131rma Hastane \u0130ETT Dura\u011f\u0131 Kar\u015f\u0131s\u0131 \u0422\u0435\u043b\u0435\u0444\u043e\u043d: [&hellip;]<\/p>\n","protected":false},"author":1,"featured_media":0,"parent":0,"menu_order":0,"comment_status":"closed","ping_status":"closed","template":"","meta":{"footnotes":""},"class_list":["post-1965","page","type-page","status-publish","hentry"],"aioseo_notices":[],"_links":{"self":[{"href":"https:\/\/turkuazisitme.com\/ru\/wp-json\/wp\/v2\/pages\/1965","targetHints":{"allow":["GET"]}}],"collection":[{"href":"https:\/\/turkuazisitme.com\/ru\/wp-json\/wp\/v2\/pages"}],"about":[{"href":"https:\/\/turkuazisitme.com\/ru\/wp-json\/wp\/v2\/types\/page"}],"author":[{"embeddable":true,"href":"https:\/\/turkuazisitme.com\/ru\/wp-json\/wp\/v2\/users\/1"}],"replies":[{"embeddable":true,"href":"https:\/\/turkuazisitme.com\/ru\/wp-json\/wp\/v2\/comments?post=1965"}],"version-history":[{"count":50,"href":"https:\/\/turkuazisitme.com\/ru\/wp-json\/wp\/v2\/pages\/1965\/revisions"}],"predecessor-version":[{"id":3146,"href":"https:\/\/turkuazisitme.com\/ru\/wp-json\/wp\/v2\/pages\/1965\/revisions\/3146"}],"wp:attachment":[{"href":"https:\/\/turkuazisitme.com\/ru\/wp-json\/wp\/v2\/media?parent=1965"}],"curies":[{"name":"wp","href":"https:\/\/api.w.org\/{rel}","templated":true}]}}